{"id":2739,"date":"2019-05-11T18:10:14","date_gmt":"2019-05-11T15:10:14","guid":{"rendered":"https:\/\/apartments.kefallinia.com.gr\/%ce%b4%ce%b7%ce%bb%cf%89%cf%83%ce%b7-%cf%80%cf%81%ce%bf%cf%83%cf%84%ce%b1%cf%83%ce%b9%ce%b1%cf%83-%cf%80%cf%81%ce%bf%cf%83%cf%89%cf%80%ce%b9%ce%ba%cf%89%ce%bd-%ce%b4%ce%b5%ce%b4%ce%bf%ce%bc%ce%b5\/"},"modified":"2019-05-12T02:07:38","modified_gmt":"2019-05-11T23:07:38","slug":"personal-data-protection-declaration-security-and-privacy-policy","status":"publish","type":"page","link":"https:\/\/monteduca.gr\/en\/personal-data-protection-declaration-security-and-privacy-policy\/","title":{"rendered":"PERSONAL DATA PROTECTION DECLARATION &#8211; SECURITY AND PRIVACY POLICY"},"content":{"rendered":"<div class=\"wpb-content-wrapper\"><p>[vc_row full_height=&#8221;yes&#8221;][vc_column][vc_empty_space height=&#8221;45px&#8221;][vc_custom_heading text=&#8221;PERSONAL DATA PROTECTION DECLARATION &#8211; SECURITY AND PRIVACY POLICY&#8221; font_container=&#8221;tag:h1|text_align:center&#8221; google_fonts=&#8221;font_family:Roboto%20Slab%3A100%2C300%2Cregular%2C700|font_style:400%20regular%3A400%3Anormal&#8221;][vc_column_text]We wish to hereby inform you that our company complies with the protection framework for natural persons with regard to the processing of personal data, as established by the new Regulation (EU) 2016\/679 of the European Parliament.<\/p>\n<p>Personal data is defined as information that can be used to identify you, such as your name, e-mail address, postal address, etc. Our company does not collect your personal data unless you have explicitly provided it for a specific purpose and under the condition that you have consented to their use.<\/p>\n<p>The company stores your personal data in order to update the customer registration book, keeping which is mandatory by law, and uses it only if you consent to receiving newsletters (evaluation form, special offers etc.).<\/p>\n<p>The company reserves the right to disclose information pertaining to you if the law so requires or if such disclosure is demanded by the competent government authorities, administrative authorities, or law enforcement.<\/p>\n<p>The company guarantees that it will not transmit, share, disclose etc. your personal data to third parties for any<br \/>\npurpose or use.<\/p>\n<p>DICHIARAZIONE DI PROTEZIONE DEI DATI PERSONALI &#8211; POLITICA DI SICUREZZA E PUBBLICIT\u00c0<\/p>\n<p>Si prega di notare che la nostra attivit\u00e0 rispetta la tutela delle persone fisiche in relazione al trattamento dei dati<br \/>\npersonali stabiliti dal nuovo Regolamento del Parlamento Europeo 2016\/679.<br \/>\nLe informazioni personali sono informazioni che ti identificano, come il tuo nome, indirizzo e-mail, indirizzo postale,<br \/>\necc. La nostra azienda non raccoglie i tuoi dati personali se non li hai forniti esplicitamente per uno scopo specifico<br \/>\ne se hai dato il tuo consenso al loro utilizzo.<br \/>\nL&amp;#39;azienda salva i tuoi dati personali per il completamento del libro porta, che \u00e8 obbligatorio per legge e li utilizza<br \/>\nsolo quando hai dato il tuo consenso a inviare materiale informativo (modulo di valutazione, offerte di pacchetti,<br \/>\necc.).<br \/>\nLa societ\u00e0 si riserva il diritto di divulgare informazioni su di te se la legge lo richiede, o se tale notifica \u00e8 richiesta<br \/>\ndagli organi governativi competenti, dalle autorit\u00e0 amministrative o dalle forze dell&amp;#39;ordine.<br \/>\nLa societ\u00e0 garantisce che non trasmetter\u00e0, notificher\u00e0, conceder\u00e0, ecc. dei tuoi dati personali a terzi per qualsiasi<br \/>\nscopo o utilizzo.<\/p>\n<p>D\u00c9CLARATION DE PROTECTION DES DONN\u00c9ES PERSONNELLES &#8211; POLITIQUE DE S\u00c9CURIT\u00c9 ET DE<br \/>\nCONFIDENTIALIT\u00c9<\/p>\n<p>Sail vows plait note que Notre enterprise Est conformed \u00e0 la protection des personness end cue qui concerned le<br \/>\ntreatment des doneness personnel\u2019s fixes par le nouveau regalement du Parliament European 2016\/679.<\/p>\n<p>Les information\u2019s personnel sent des information\u2019s qui vows identifying, tells que voter nom, voter addressee e-<br \/>\nmail, voter addressee postal, etc. Notre Soci\u00e9t\u00e9 ne recoiled pas de reassignments personnel\u2019s \u00e0 moans que vows<br \/>\nles avisoes donner \u00e0 cat effect et is vows donned voter consentient \u00e0 leer utilization.<br \/>\nLa Soci\u00e9t\u00e9 stocked Vos doneness personnel\u2019s pour completer la Porte du livre, qui Est obligator end virtue de la<br \/>\nloin et utilize que is vows donned voter consentient pour lenoi de materiel information (formula ire devaluation, etc.<br \/>\nemblazes).<br \/>\nLa Soci\u00e9t\u00e9 se reserve le droit de divulger des information\u2019s is la loin Lexie out is one tele divulgation Est exile par<br \/>\nles deciders government des auto rites administrative out application de la loin.<br \/>\nEnterprise granted quelled ne transmittal, notifier, confederal, etc. de Vos doneness personnel\u2019s \u00e0 des tiers pour<br \/>\nimported quell but out utilization.<br \/>\nERKL\u00c4RUNG ZUM SCHUTZ DER PERS\u00d6NLICHEN DATEN \u2013 SICHERHEITS- &amp;amp; DATENSCHUTZPOLITIK<br \/>\nWir setzen Sie dar\u00fcber in Kenntnis, dass unser Unternehmen im Rahmen des Schutzes nat\u00fcrlicher Personen in<br \/>\nBezug auf die Verarbeitung personenbezogener Daten der neuen Verordnung 2016\/679 des Europ\u00e4ischen<br \/>\nParlaments entspricht.<br \/>\nPersonenbezogene Daten sind Informationen, die Sie identifizieren, z. B. Ihr Name, Ihre E-Mail-Adresse,<br \/>\nPostanschrift usw. Unser Unternehmen erfasst Ihre personenbezogenen Daten nur, wenn Sie diese ausdr\u00fccklich<br \/>\nf\u00fcr einen bestimmten Zweck zur Verf\u00fcgung gestellt haben und Sie Ihre Zustimmung zu deren Nutzung gegeben<br \/>\nhaben<br \/>\nDas Unternehmen speichert Ihre personenbezogenen Daten f\u00fcr die gesetzlich vorgeschriebene Vervollst\u00e4ndigung<br \/>\ndes G\u00e4steregisters und verwendet sie nur f\u00fcr die \u00dcbermittlung von Informationsmaterial (Bewertungsformular,<br \/>\nPromotionspakete etc.), wenn Sie Ihre Zustimmung hierzu gegeben haben.<br \/>\nDas Unternehmen beh\u00e4lt sich das Recht vor, Informationen \u00fcber Sie offenzulegen, wenn das Gesetz dies<br \/>\nerforderlich macht oder wenn eine solche Auskunft von den zust\u00e4ndigen Regierungsbeh\u00f6rden,<br \/>\nVerwaltungsbeh\u00f6rden oder Strafverfolgungsbeh\u00f6rden verlangt wird.<br \/>\nDas Unternehmen garantiert, dass es Ihre pers\u00f6nlichen Daten zu keinem Zweck oder Gebrauch an Dritte<br \/>\nweiterleitet, dar\u00fcber Auskunft erteilt, diese abtritt etc., jedoch ist es m\u00f6glich.<\/p>\n<p>\u0417\u0410\u042f\u0412\u041b\u0415\u041d\u0418\u0415 \u041e \u0417\u0410\u0429\u0418\u0422\u0415 \u041f\u0415\u0420\u0421\u041e\u041d\u0410\u041b\u042c\u041d\u042b\u0425 \u0414\u0410\u041d\u041d\u042b\u0425 \u2013 \u041f\u041e\u041b\u0418\u0422\u0418\u041a\u0410 \u0411\u0415\u0417\u041e\u041f\u0410\u0421\u041d\u041e\u0421\u0422\u0418 \u0418<br \/>\n\u041a\u041e\u041d\u0424\u0418\u0414\u0415\u041d\u0426\u0418\u0410\u041b\u042c\u041d\u041e\u0421\u0422\u0418<\/p>\n<p>\u0421\u043e\u043e\u0431\u0449\u0430\u0435\u043c \u0412\u0430\u043c, \u0447\u0442\u043e \u043d\u0430\u0448\u0435 \u043f\u0440\u0435\u0434\u043f\u0440\u0438\u044f\u0442\u0438\u0435 \u043f\u043e\u0434\u0434\u0435\u0440\u0436\u0438\u0432\u0430\u0435\u0442 \u043f\u043e\u043b\u0438\u0442\u0438\u043a\u0443 \u0437\u0430\u0449\u0438\u0442\u044b \u0444\u0438\u0437\u0438\u0447\u0435\u0441\u043a\u0438\u0445 \u043b\u0438\u0446 \u043e\u0442 \u043e\u0431\u0440\u0430\u0431\u043e\u0442\u043a\u0438<br \/>\n\u0434\u0430\u043d\u043d\u044b\u0445 \u043f\u0435\u0440\u0441\u043e\u043d\u0430\u043b\u044c\u043d\u043e\u0433\u043e \u0445\u0430\u0440\u0430\u043a\u0442\u0435\u0440\u0430 \u0432 \u0440\u0430\u043c\u043a\u0430\u0445, \u0443\u0441\u0442\u0430\u043d\u043e\u0432\u043b\u0435\u043d\u043d\u044b\u0445 \u0420\u0435\u0433\u043b\u0430\u043c\u0435\u043d\u0442\u043e\u043c \u0415\u0432\u0440\u043e\u043f\u0435\u0439\u0441\u043a\u043e\u0433\u043e \u043f\u0430\u0440\u043b\u0430\u043c\u0435\u043d\u0442\u0430 \u2116<br \/>\n2016\/679.<br \/>\n\u041f\u0435\u0440\u0441\u043e\u043d\u0430\u043b\u044c\u043d\u044b\u043c\u0438 \u0434\u0430\u043d\u043d\u044b\u043c\u0438 \u043d\u0430\u0437\u044b\u0432\u0430\u044e\u0442\u0441\u044f \u0438\u0434\u0435\u043d\u0442\u0438\u0444\u0438\u0446\u0438\u0440\u0443\u044e\u0449\u0438\u0435 \u0412\u0430\u0441 \u0441\u0432\u0435\u0434\u0435\u043d\u0438\u044f, \u0432 \u0447\u0430\u0441\u0442\u043d\u043e\u0441\u0442\u0438, \u0412\u0430\u0448\u0435 \u0438\u043c\u044f,<br \/>\n\u044d\u043b\u0435\u043a\u0442\u0440\u043e\u043d\u043d\u044b\u0439 \u0430\u0434\u0440\u0435\u0441, \u043f\u043e\u0447\u0442\u043e\u0432\u044b\u0439 \u0430\u0434\u0440\u0435\u0441 \u0438 \u0442.\u0434. \u041d\u0430\u0448\u0435 \u043f\u0440\u0435\u0434\u043f\u0440\u0438\u044f\u0442\u0438\u0435 \u043d\u0435 \u0441\u043e\u0431\u0438\u0440\u0430\u0435\u0442 \u0412\u0430\u0448\u0438 \u043f\u0435\u0440\u0441\u043e\u043d\u0430\u043b\u044c\u043d\u044b\u0435 \u0434\u0430\u043d\u043d\u044b\u0435 \u0437\u0430<br \/>\n\u0438\u0441\u043a\u043b\u044e\u0447\u0435\u043d\u0438\u0435\u043c \u0442\u0435\u0445 \u0441\u043b\u0443\u0447\u0430\u0435\u0432, \u043a\u043e\u0433\u0434\u0430 \u043e\u043d\u0438 \u043f\u0440\u0435\u0434\u043e\u0441\u0442\u0430\u0432\u043b\u044f\u044e\u0442\u0441\u044f \u0412\u0430\u043c\u0438 \u0434\u043e\u0431\u0440\u043e\u0432\u043e\u043b\u044c\u043d\u043e \u0441 \u043e\u043f\u0440\u0435\u0434\u0435\u043b\u0435\u043d\u043d\u043e\u0439 \u0446\u0435\u043b\u044c\u044e \u0438<br \/>\n\u0441\u043e\u0433\u043b\u0430\u0441\u0438\u0435\u043c \u043d\u0430 \u0438\u0445 \u0438\u0441\u043f\u043e\u043b\u044c\u0437\u043e\u0432\u0430\u043d\u0438\u0435.<br \/>\n\u041d\u0430\u0448\u0435 \u043f\u0440\u0435\u0434\u043f\u0440\u0438\u044f\u0442\u0438\u0435 \u0441\u043e\u0445\u0440\u0430\u043d\u044f\u0435\u0442 \u0412\u0430\u0448\u0438 \u043f\u0435\u0440\u0441\u043e\u043d\u0430\u043b\u044c\u043d\u044b\u0435 \u0434\u0430\u043d\u043d\u044b\u0435 \u0434\u043b\u044f \u0432\u0435\u0434\u0435\u043d\u0438\u044f \u043e\u0431\u044f\u0437\u0430\u0442\u0435\u043b\u044c\u043d\u043e\u0439 \u0441\u043e\u0433\u043b\u0430\u0441\u043d\u043e \u0437\u0430\u043a\u043e\u043d\u0443<br \/>\n\u0440\u0435\u0433\u0438\u0441\u0442\u0440\u0430\u0446\u0438\u0438 \u043a\u043b\u0438\u0435\u043d\u0442\u043e\u0432, \u0430 \u0442\u0430\u043a\u0436\u0435 \u0432 \u0441\u043b\u0443\u0447\u0430\u0435 \u0412\u0430\u0448\u0435\u0433\u043e \u0441\u043e\u0433\u043b\u0430\u0441\u0438\u044f \u043c\u043e\u0436\u0435\u0442 \u0438\u0441\u043f\u043e\u043b\u044c\u0437\u043e\u0432\u0430\u0442\u044c \u0438\u0445 \u0434\u043b\u044f \u0440\u0430\u0441\u0441\u044b\u043b\u043a\u0438 \u0440\u0430\u0437\u043b\u0438\u0447\u043d\u043e\u0439<br \/>\n\u0438\u043d\u0444\u043e\u0440\u043c\u0430\u0446\u0438\u0438 (\u0430\u043d\u043a\u0435\u0442\u044b, \u0440\u0435\u043a\u043b\u0430\u043c\u043d\u044b\u0435 \u043f\u0430\u043a\u0435\u0442\u044b \u0438 \u0442.\u0434.)<br \/>\n\u041f\u0440\u0435\u0434\u043f\u0440\u0438\u044f\u0442\u0438\u0435 \u0441\u043e\u0445\u0440\u0430\u043d\u044f\u0435\u0442 \u0437\u0430 \u0441\u043e\u0431\u043e\u0439 \u043f\u0440\u0430\u0432\u043e \u0441\u043e\u043e\u0431\u0449\u0430\u0442\u044c \u0412\u0430\u043c \u043a\u0430\u0441\u0430\u044e\u0449\u0443\u044e\u0441\u044f \u0412\u0430\u0441 \u0438\u043d\u0444\u043e\u0440\u043c\u0430\u0446\u0438\u044e, \u0435\u0441\u043b\u0438 \u044d\u0442\u043e<br \/>\n\u043f\u0440\u0435\u0434\u043f\u0438\u0441\u044b\u0432\u0430\u0435\u0442\u0441\u044f \u0437\u0430\u043a\u043e\u043d\u043e\u0434\u0430\u0442\u0435\u043b\u044c\u0441\u0442\u0432\u043e\u043c \u0438\u043b\u0438 \u0442\u0440\u0435\u0431\u0443\u0435\u0442\u0441\u044f \u043a\u043e\u043c\u043f\u0435\u0442\u0435\u043d\u0442\u043d\u044b\u043c\u0438 \u043f\u0440\u0430\u0432\u0438\u0442\u0435\u043b\u044c\u0441\u0442\u0432\u0435\u043d\u043d\u044b\u043c\u0438 \u0438<br \/>\n\u043c\u0443\u043d\u0438\u0446\u0438\u043f\u0430\u043b\u044c\u043d\u044b\u043c\u0438 \u043e\u0440\u0433\u0430\u043d\u0430\u043c\u0438, \u0430 \u0442\u0430\u043a\u0436\u0435 \u0441\u0443\u0434\u0435\u0431\u043d\u044b\u043c\u0438 \u0438 \u0438\u0441\u043f\u043e\u043b\u043d\u0438\u0442\u0435\u043b\u044c\u043d\u044b\u043c\u0438 \u0438\u043d\u0441\u0442\u0438\u0442\u0443\u0442\u0430\u043c\u0438.<br \/>\n\u041f\u0440\u0435\u0434\u043f\u0440\u0438\u044f\u0442\u0438\u0435 \u0433\u0430\u0440\u0430\u043d\u0442\u0438\u0440\u0443\u0435\u0442, \u0447\u0442\u043e \u043e\u043d\u043e \u043d\u0435 \u0431\u0443\u0434\u0435\u0442 \u0440\u0430\u0441\u043f\u0440\u043e\u0441\u0442\u0440\u0430\u043d\u044f\u0442\u044c, \u043f\u0435\u0440\u0435\u0434\u0430\u0432\u0430\u0442\u044c, \u043e\u0431\u043d\u0430\u0440\u043e\u0434\u043e\u0432\u0430\u0442\u044c \u0438 \u0442. \u0434. \u0412\u0430\u0448\u0438<br \/>\n\u043f\u0435\u0440\u0441\u043e\u043d\u0430\u043b\u044c\u043d\u044b\u0435 \u0434\u0430\u043d\u043d\u044b\u0435 \u0442\u0440\u0435\u0442\u044c\u0438\u043c \u043b\u0438\u0446\u0430\u043c \u0441 \u043b\u044e\u0431\u043e\u0439 \u0446\u0435\u043b\u044c\u044e \u0438 \u0434\u043b\u044f \u043b\u044e\u0431\u043e\u0433\u043e \u0438\u0441\u043f\u043e\u043b\u044c\u0437\u043e\u0432\u0430\u043d\u0438\u044f.[\/vc_column_text][\/vc_column][\/vc_row]<\/p>\n<\/div>","protected":false},"excerpt":{"rendered":"<p>[vc_row full_height=&#8221;yes&#8221;][vc_column][vc_empty_space height=&#8221;45px&#8221;][vc_custom_heading text=&#8221;PERSONAL DATA PROTECTION DECLARATION &#8211; SECURITY AND PRIVACY POLICY&#8221; font_container=&#8221;tag:h1|text_align:center&#8221; google_fonts=&#8221;font_family:Roboto%20Slab%3A100%2C300%2Cregular%2C700|font_style:400%20regular%3A400%3Anormal&#8221;][vc_column_text]We wish to hereby inform you that our company complies with the protection framework for natural persons [&hellip;]<\/p>\n","protected":false},"author":2,"featured_media":0,"parent":0,"menu_order":0,"comment_status":"closed","ping_status":"closed","template":"","meta":{"om_disable_all_campaigns":false,"_monsterinsights_skip_tracking":false,"_monsterinsights_sitenote_active":false,"_monsterinsights_sitenote_note":"","_monsterinsights_sitenote_category":0,"_uf_show_specific_survey":0,"_uf_disable_surveys":false,"footnotes":""},"aioseo_notices":[],"yoast_head":"<!-- This site is optimized with the Yoast SEO plugin v23.0 - https:\/\/yoast.com\/wordpress\/plugins\/seo\/ -->\n<title>PERSONAL DATA PROTECTION DECLARATION - SECURITY AND PRIVACY POLICY - \u0395\u03bd\u03bf\u03b9\u03ba\u03b9\u03b1\u03b6\u03cc\u03bc\u03b5\u03bd\u03b1 \u03b4\u03b9\u03b1\u03bc\u03b5\u03c1\u03af\u03c3\u03bc\u03b1\u03c4\u03b1 \u03c3\u03c4\u03b7\u03bd \u039a\u03b5\u03c6\u03b1\u03bb\u03bb\u03bf\u03bd\u03b9\u03ac<\/title>\n<meta name=\"robots\" content=\"index, follow, max-snippet:-1, max-image-preview:large, max-video-preview:-1\" \/>\n<link rel=\"canonical\" href=\"https:\/\/monteduca.gr\/en\/personal-data-protection-declaration-security-and-privacy-policy\/\" \/>\n<meta property=\"og:locale\" content=\"en_US\" \/>\n<meta property=\"og:type\" content=\"article\" \/>\n<meta property=\"og:title\" content=\"PERSONAL DATA PROTECTION DECLARATION - SECURITY AND PRIVACY POLICY - \u0395\u03bd\u03bf\u03b9\u03ba\u03b9\u03b1\u03b6\u03cc\u03bc\u03b5\u03bd\u03b1 \u03b4\u03b9\u03b1\u03bc\u03b5\u03c1\u03af\u03c3\u03bc\u03b1\u03c4\u03b1 \u03c3\u03c4\u03b7\u03bd \u039a\u03b5\u03c6\u03b1\u03bb\u03bb\u03bf\u03bd\u03b9\u03ac\" \/>\n<meta property=\"og:description\" content=\"[vc_row full_height=&#8221;yes&#8221;][vc_column][vc_empty_space height=&#8221;45px&#8221;][vc_custom_heading text=&#8221;PERSONAL DATA PROTECTION DECLARATION &#8211; SECURITY AND PRIVACY POLICY&#8221; font_container=&#8221;tag:h1|text_align:center&#8221; google_fonts=&#8221;font_family:Roboto%20Slab%3A100%2C300%2Cregular%2C700|font_style:400%20regular%3A400%3Anormal&#8221;][vc_column_text]We wish to hereby inform you that our company complies with the protection framework for natural persons [&hellip;]\" \/>\n<meta property=\"og:url\" content=\"https:\/\/monteduca.gr\/en\/personal-data-protection-declaration-security-and-privacy-policy\/\" \/>\n<meta property=\"og:site_name\" content=\"\u0395\u03bd\u03bf\u03b9\u03ba\u03b9\u03b1\u03b6\u03cc\u03bc\u03b5\u03bd\u03b1 \u03b4\u03b9\u03b1\u03bc\u03b5\u03c1\u03af\u03c3\u03bc\u03b1\u03c4\u03b1 \u03c3\u03c4\u03b7\u03bd \u039a\u03b5\u03c6\u03b1\u03bb\u03bb\u03bf\u03bd\u03b9\u03ac\" \/>\n<meta property=\"article:modified_time\" content=\"2019-05-11T23:07:38+00:00\" \/>\n<meta name=\"twitter:card\" content=\"summary_large_image\" \/>\n<meta name=\"twitter:label1\" content=\"Est. reading time\" \/>\n\t<meta name=\"twitter:data1\" content=\"4 minutes\" \/>\n<script type=\"application\/ld+json\" class=\"yoast-schema-graph\">{\"@context\":\"https:\/\/schema.org\",\"@graph\":[{\"@type\":\"WebPage\",\"@id\":\"https:\/\/monteduca.gr\/en\/personal-data-protection-declaration-security-and-privacy-policy\/\",\"url\":\"https:\/\/monteduca.gr\/en\/personal-data-protection-declaration-security-and-privacy-policy\/\",\"name\":\"PERSONAL DATA PROTECTION DECLARATION - SECURITY AND PRIVACY POLICY - \u0395\u03bd\u03bf\u03b9\u03ba\u03b9\u03b1\u03b6\u03cc\u03bc\u03b5\u03bd\u03b1 \u03b4\u03b9\u03b1\u03bc\u03b5\u03c1\u03af\u03c3\u03bc\u03b1\u03c4\u03b1 \u03c3\u03c4\u03b7\u03bd \u039a\u03b5\u03c6\u03b1\u03bb\u03bb\u03bf\u03bd\u03b9\u03ac\",\"isPartOf\":{\"@id\":\"https:\/\/monteduca.gr\/en\/#website\"},\"datePublished\":\"2019-05-11T15:10:14+00:00\",\"dateModified\":\"2019-05-11T23:07:38+00:00\",\"breadcrumb\":{\"@id\":\"https:\/\/monteduca.gr\/en\/personal-data-protection-declaration-security-and-privacy-policy\/#breadcrumb\"},\"inLanguage\":\"en-US\",\"potentialAction\":[{\"@type\":\"ReadAction\",\"target\":[\"https:\/\/monteduca.gr\/en\/personal-data-protection-declaration-security-and-privacy-policy\/\"]}]},{\"@type\":\"BreadcrumbList\",\"@id\":\"https:\/\/monteduca.gr\/en\/personal-data-protection-declaration-security-and-privacy-policy\/#breadcrumb\",\"itemListElement\":[{\"@type\":\"ListItem\",\"position\":1,\"name\":\"Home\",\"item\":\"https:\/\/monteduca.gr\/en\/\"},{\"@type\":\"ListItem\",\"position\":2,\"name\":\"PERSONAL DATA PROTECTION DECLARATION &#8211; SECURITY AND PRIVACY POLICY\"}]},{\"@type\":\"WebSite\",\"@id\":\"https:\/\/monteduca.gr\/en\/#website\",\"url\":\"https:\/\/monteduca.gr\/en\/\",\"name\":\"\u0395\u03bd\u03bf\u03b9\u03ba\u03b9\u03b1\u03b6\u03cc\u03bc\u03b5\u03bd\u03b1 \u03b4\u03b9\u03b1\u03bc\u03b5\u03c1\u03af\u03c3\u03bc\u03b1\u03c4\u03b1 \u03c3\u03c4\u03b7\u03bd \u039a\u03b5\u03c6\u03b1\u03bb\u03bb\u03bf\u03bd\u03b9\u03ac\",\"description\":\"\u0394\u03b9\u03b1\u03ba\u03bf\u03c0\u03ad\u03c2 \u03c3\u03c4\u03b7 \u039a\u03b5\u03c6\u03b1\u03bb\u03bb\u03bf\u03bd\u03b9\u03ac\",\"potentialAction\":[{\"@type\":\"SearchAction\",\"target\":{\"@type\":\"EntryPoint\",\"urlTemplate\":\"https:\/\/monteduca.gr\/en\/?s={search_term_string}\"},\"query-input\":\"required name=search_term_string\"}],\"inLanguage\":\"en-US\"}]}<\/script>\n<!-- \/ Yoast SEO plugin. -->","yoast_head_json":{"title":"PERSONAL DATA PROTECTION DECLARATION - SECURITY AND PRIVACY POLICY - \u0395\u03bd\u03bf\u03b9\u03ba\u03b9\u03b1\u03b6\u03cc\u03bc\u03b5\u03bd\u03b1 \u03b4\u03b9\u03b1\u03bc\u03b5\u03c1\u03af\u03c3\u03bc\u03b1\u03c4\u03b1 \u03c3\u03c4\u03b7\u03bd \u039a\u03b5\u03c6\u03b1\u03bb\u03bb\u03bf\u03bd\u03b9\u03ac","robots":{"index":"index","follow":"follow","max-snippet":"max-snippet:-1","max-image-preview":"max-image-preview:large","max-video-preview":"max-video-preview:-1"},"canonical":"https:\/\/monteduca.gr\/en\/personal-data-protection-declaration-security-and-privacy-policy\/","og_locale":"en_US","og_type":"article","og_title":"PERSONAL DATA PROTECTION DECLARATION - SECURITY AND PRIVACY POLICY - \u0395\u03bd\u03bf\u03b9\u03ba\u03b9\u03b1\u03b6\u03cc\u03bc\u03b5\u03bd\u03b1 \u03b4\u03b9\u03b1\u03bc\u03b5\u03c1\u03af\u03c3\u03bc\u03b1\u03c4\u03b1 \u03c3\u03c4\u03b7\u03bd \u039a\u03b5\u03c6\u03b1\u03bb\u03bb\u03bf\u03bd\u03b9\u03ac","og_description":"[vc_row full_height=&#8221;yes&#8221;][vc_column][vc_empty_space height=&#8221;45px&#8221;][vc_custom_heading text=&#8221;PERSONAL DATA PROTECTION DECLARATION &#8211; SECURITY AND PRIVACY POLICY&#8221; font_container=&#8221;tag:h1|text_align:center&#8221; google_fonts=&#8221;font_family:Roboto%20Slab%3A100%2C300%2Cregular%2C700|font_style:400%20regular%3A400%3Anormal&#8221;][vc_column_text]We wish to hereby inform you that our company complies with the protection framework for natural persons [&hellip;]","og_url":"https:\/\/monteduca.gr\/en\/personal-data-protection-declaration-security-and-privacy-policy\/","og_site_name":"\u0395\u03bd\u03bf\u03b9\u03ba\u03b9\u03b1\u03b6\u03cc\u03bc\u03b5\u03bd\u03b1 \u03b4\u03b9\u03b1\u03bc\u03b5\u03c1\u03af\u03c3\u03bc\u03b1\u03c4\u03b1 \u03c3\u03c4\u03b7\u03bd \u039a\u03b5\u03c6\u03b1\u03bb\u03bb\u03bf\u03bd\u03b9\u03ac","article_modified_time":"2019-05-11T23:07:38+00:00","twitter_card":"summary_large_image","twitter_misc":{"Est. reading time":"4 minutes"},"schema":{"@context":"https:\/\/schema.org","@graph":[{"@type":"WebPage","@id":"https:\/\/monteduca.gr\/en\/personal-data-protection-declaration-security-and-privacy-policy\/","url":"https:\/\/monteduca.gr\/en\/personal-data-protection-declaration-security-and-privacy-policy\/","name":"PERSONAL DATA PROTECTION DECLARATION - SECURITY AND PRIVACY POLICY - \u0395\u03bd\u03bf\u03b9\u03ba\u03b9\u03b1\u03b6\u03cc\u03bc\u03b5\u03bd\u03b1 \u03b4\u03b9\u03b1\u03bc\u03b5\u03c1\u03af\u03c3\u03bc\u03b1\u03c4\u03b1 \u03c3\u03c4\u03b7\u03bd \u039a\u03b5\u03c6\u03b1\u03bb\u03bb\u03bf\u03bd\u03b9\u03ac","isPartOf":{"@id":"https:\/\/monteduca.gr\/en\/#website"},"datePublished":"2019-05-11T15:10:14+00:00","dateModified":"2019-05-11T23:07:38+00:00","breadcrumb":{"@id":"https:\/\/monteduca.gr\/en\/personal-data-protection-declaration-security-and-privacy-policy\/#breadcrumb"},"inLanguage":"en-US","potentialAction":[{"@type":"ReadAction","target":["https:\/\/monteduca.gr\/en\/personal-data-protection-declaration-security-and-privacy-policy\/"]}]},{"@type":"BreadcrumbList","@id":"https:\/\/monteduca.gr\/en\/personal-data-protection-declaration-security-and-privacy-policy\/#breadcrumb","itemListElement":[{"@type":"ListItem","position":1,"name":"Home","item":"https:\/\/monteduca.gr\/en\/"},{"@type":"ListItem","position":2,"name":"PERSONAL DATA PROTECTION DECLARATION &#8211; SECURITY AND PRIVACY POLICY"}]},{"@type":"WebSite","@id":"https:\/\/monteduca.gr\/en\/#website","url":"https:\/\/monteduca.gr\/en\/","name":"\u0395\u03bd\u03bf\u03b9\u03ba\u03b9\u03b1\u03b6\u03cc\u03bc\u03b5\u03bd\u03b1 \u03b4\u03b9\u03b1\u03bc\u03b5\u03c1\u03af\u03c3\u03bc\u03b1\u03c4\u03b1 \u03c3\u03c4\u03b7\u03bd \u039a\u03b5\u03c6\u03b1\u03bb\u03bb\u03bf\u03bd\u03b9\u03ac","description":"\u0394\u03b9\u03b1\u03ba\u03bf\u03c0\u03ad\u03c2 \u03c3\u03c4\u03b7 \u039a\u03b5\u03c6\u03b1\u03bb\u03bb\u03bf\u03bd\u03b9\u03ac","potentialAction":[{"@type":"SearchAction","target":{"@type":"EntryPoint","urlTemplate":"https:\/\/monteduca.gr\/en\/?s={search_term_string}"},"query-input":"required name=search_term_string"}],"inLanguage":"en-US"}]}},"_links":{"self":[{"href":"https:\/\/monteduca.gr\/en\/wp-json\/wp\/v2\/pages\/2739"}],"collection":[{"href":"https:\/\/monteduca.gr\/en\/wp-json\/wp\/v2\/pages"}],"about":[{"href":"https:\/\/monteduca.gr\/en\/wp-json\/wp\/v2\/types\/page"}],"author":[{"embeddable":true,"href":"https:\/\/monteduca.gr\/en\/wp-json\/wp\/v2\/users\/2"}],"replies":[{"embeddable":true,"href":"https:\/\/monteduca.gr\/en\/wp-json\/wp\/v2\/comments?post=2739"}],"version-history":[{"count":7,"href":"https:\/\/monteduca.gr\/en\/wp-json\/wp\/v2\/pages\/2739\/revisions"}],"predecessor-version":[{"id":2779,"href":"https:\/\/monteduca.gr\/en\/wp-json\/wp\/v2\/pages\/2739\/revisions\/2779"}],"wp:attachment":[{"href":"https:\/\/monteduca.gr\/en\/wp-json\/wp\/v2\/media?parent=2739"}],"curies":[{"name":"wp","href":"https:\/\/api.w.org\/{rel}","templated":true}]}}